{"id":6,"date":"2026-04-17T07:13:38","date_gmt":"2026-04-17T07:13:38","guid":{"rendered":"https:\/\/tavoiteseppa.mnr.fi\/?page_id=6"},"modified":"2026-04-17T08:23:12","modified_gmt":"2026-04-17T08:23:12","slug":"etusivu","status":"publish","type":"page","link":"https:\/\/tavoiteseppa.mnr.fi\/","title":{"rendered":"ETUSIVU"},"content":{"rendered":"\n<div class=\"wp-block-cover alignfull\" style=\"margin-top:0;padding-top:48px;padding-right:48px;padding-bottom:48px;padding-left:48px;min-height:100vh;aspect-ratio:unset;\"><img loading=\"lazy\" decoding=\"async\" width=\"682\" height=\"1024\" class=\"wp-block-cover__image-background wp-image-13 size-large\" alt=\"\" src=\"https:\/\/tavoiteseppa.mnr.fi\/wp-content\/uploads\/2026\/04\/juontaja-682x1024.jpg\" style=\"object-position:52% 53%\" data-object-fit=\"cover\" data-object-position=\"52% 53%\" srcset=\"https:\/\/tavoiteseppa.mnr.fi\/wp-content\/uploads\/2026\/04\/juontaja-682x1024.jpg 682w, https:\/\/tavoiteseppa.mnr.fi\/wp-content\/uploads\/2026\/04\/juontaja-200x300.jpg 200w, https:\/\/tavoiteseppa.mnr.fi\/wp-content\/uploads\/2026\/04\/juontaja-768x1152.jpg 768w, https:\/\/tavoiteseppa.mnr.fi\/wp-content\/uploads\/2026\/04\/juontaja-1024x1536.jpg 1024w, https:\/\/tavoiteseppa.mnr.fi\/wp-content\/uploads\/2026\/04\/juontaja.jpg 1333w\" sizes=\"auto, (max-width: 682px) 100vw, 682px\" \/><span aria-hidden=\"true\" class=\"wp-block-cover__background has-black-background-color has-background-dim\"><\/span><div class=\"wp-block-cover__inner-container is-layout-flow wp-block-cover-is-layout-flow\">\n<div style=\"height:72px\" aria-hidden=\"true\" class=\"wp-block-spacer\"><\/div>\n\n\n\n<div class=\"wp-block-group is-layout-constrained wp-container-core-group-is-layout-4582f6a7 wp-block-group-is-layout-constrained\">\n<h3 class=\"wp-block-heading alignfull has-text-align-center has-white-color has-text-color\" style=\"font-size:clamp(32.969px, 2.061rem + ((1vw - 3.2px) * 2.034), 59px);font-style:normal;font-weight:700;letter-spacing:0px;line-height:1;text-transform:uppercase\">TAPAHTUMIA, JOTKA J\u00c4\u00c4V\u00c4T MIELEEN<\/h3>\n<\/div>\n\n\n\n<div class=\"wp-block-buttons is-content-justification-center is-nowrap is-layout-flex wp-container-core-buttons-is-layout-12a27398 wp-block-buttons-is-layout-flex\">\n<div class=\"wp-block-button is-style-fill\" id=\"-yhteydenotto\"><a class=\"wp-block-button__link has-white-color has-luminous-vivid-orange-background-color has-text-color has-background has-custom-font-size wp-element-button\" style=\"border-top-left-radius:50px;border-top-right-radius:50px;border-bottom-left-radius:50px;border-bottom-right-radius:50px;padding-top:24px;padding-right:48px;padding-bottom:24px;padding-left:48px;font-size:clamp(14px, 0.875rem + ((1vw - 3.2px) * 0.156), 16px);font-style:normal;font-weight:600;letter-spacing:0px;text-transform:uppercase\">KYSY keikkaa<\/a><\/div>\n<\/div>\n\n\n\n<p class=\"has-text-align-center has-medium-font-size\" style=\"text-transform:uppercase\">Juontokeikkoja ja el\u00e4myksi\u00e4 yrityksille ja yhteis\u00f6ille.<\/p>\n<\/div><\/div>\n\n\n\n<div class=\"wp-block-group is-layout-flow wp-container-core-group-is-layout-e03f9c6a wp-block-group-is-layout-flow\" style=\"margin-top:0;margin-bottom:0\">\n<div class=\"wp-block-columns is-layout-flex wp-container-core-columns-is-layout-3c19b1c5 wp-block-columns-is-layout-flex\" style=\"margin-top:var(--wp--preset--spacing--70);margin-bottom:var(--wp--preset--spacing--70)\">\n<div class=\"wp-block-column is-layout-flow wp-block-column-is-layout-flow\">\n<div class=\"wp-block-cover alignfull is-light wp-duotone-000000-ff6900-2\" style=\"border-top-left-radius:40px;border-top-right-radius:40px;border-bottom-left-radius:40px;border-bottom-right-radius:40px;margin-top:0;padding-top:48px;padding-right:48px;padding-bottom:48px;padding-left:48px;min-height:500px;aspect-ratio:unset;\"><img loading=\"lazy\" decoding=\"async\" width=\"561\" height=\"1024\" class=\"wp-block-cover__image-background wp-image-17 size-large\" alt=\"\" src=\"https:\/\/tavoiteseppa.mnr.fi\/wp-content\/uploads\/2026\/04\/puhelin-561x1024.jpg\" style=\"object-position:9% 50%\" data-object-fit=\"cover\" data-object-position=\"9% 50%\" srcset=\"https:\/\/tavoiteseppa.mnr.fi\/wp-content\/uploads\/2026\/04\/puhelin-561x1024.jpg 561w, https:\/\/tavoiteseppa.mnr.fi\/wp-content\/uploads\/2026\/04\/puhelin-164x300.jpg 164w, https:\/\/tavoiteseppa.mnr.fi\/wp-content\/uploads\/2026\/04\/puhelin-768x1401.jpg 768w, https:\/\/tavoiteseppa.mnr.fi\/wp-content\/uploads\/2026\/04\/puhelin-842x1536.jpg 842w, https:\/\/tavoiteseppa.mnr.fi\/wp-content\/uploads\/2026\/04\/puhelin.jpg 1096w\" sizes=\"auto, (max-width: 561px) 100vw, 561px\" \/><span aria-hidden=\"true\" class=\"wp-block-cover__background has-background-dim-30 has-background-dim\" style=\"background-color:#808080\"><\/span><div class=\"wp-block-cover__inner-container is-layout-flow wp-block-cover-is-layout-flow\">\n<h2 class=\"wp-block-heading has-text-align-left has-white-color has-text-color\" style=\"font-size:clamp(18.959px, 1.185rem + ((1vw - 3.2px) * 0.863), 30px);font-style:normal;font-weight:700;letter-spacing:0px;line-height:1;text-transform:uppercase\">JUONTOKEIKAT<\/h2>\n\n\n\n<p class=\"has-palette-color-8-color has-text-color has-link-color wp-elements-53447eedd469f494c98117cd5552dc58\">YLI TUHANNEN JUONNETUN KEIKAN KOKEMUS NIIN SUOMEKSI, RUOTSIKSI KUIN ENGLANNIKSI.<\/p>\n\n\n\n<div class=\"wp-block-buttons is-content-justification-left is-nowrap is-layout-flex wp-container-core-buttons-is-layout-92e17da2 wp-block-buttons-is-layout-flex\">\n<div class=\"wp-block-button is-style-outline is-style-outline--1\"><a class=\"wp-block-button__link has-white-color has-luminous-vivid-orange-background-color has-text-color has-background has-custom-font-size wp-element-button\" style=\"border-top-left-radius:50px;border-top-right-radius:50px;border-bottom-left-radius:50px;border-bottom-right-radius:50px;padding-top:24px;padding-right:48px;padding-bottom:24px;padding-left:48px;font-size:clamp(14px, 0.875rem + ((1vw - 3.2px) * 0.156), 16px);font-style:normal;font-weight:600;letter-spacing:0px;text-transform:uppercase\">kySY KEIKKAA<\/a><\/div>\n<\/div>\n<\/div><\/div>\n<\/div>\n\n\n\n<div class=\"wp-block-column is-layout-flow wp-block-column-is-layout-flow\">\n<div class=\"wp-block-cover alignfull wp-duotone-000000-ff6900-4\" style=\"border-top-left-radius:40px;border-top-right-radius:40px;border-bottom-left-radius:40px;border-bottom-right-radius:40px;margin-top:0;padding-top:48px;padding-right:48px;padding-bottom:48px;padding-left:48px;min-height:500px;aspect-ratio:unset;\"><img loading=\"lazy\" decoding=\"async\" width=\"1024\" height=\"576\" class=\"wp-block-cover__image-background wp-image-11 size-large\" alt=\"\" src=\"https:\/\/tavoiteseppa.mnr.fi\/wp-content\/uploads\/2026\/04\/64ACA504-90C7-4501-93C1-659FD33E9C6E-1024x576.jpg\" style=\"object-position:69% 68%\" data-object-fit=\"cover\" data-object-position=\"69% 68%\" srcset=\"https:\/\/tavoiteseppa.mnr.fi\/wp-content\/uploads\/2026\/04\/64ACA504-90C7-4501-93C1-659FD33E9C6E-1024x576.jpg 1024w, https:\/\/tavoiteseppa.mnr.fi\/wp-content\/uploads\/2026\/04\/64ACA504-90C7-4501-93C1-659FD33E9C6E-300x169.jpg 300w, https:\/\/tavoiteseppa.mnr.fi\/wp-content\/uploads\/2026\/04\/64ACA504-90C7-4501-93C1-659FD33E9C6E-768x432.jpg 768w, https:\/\/tavoiteseppa.mnr.fi\/wp-content\/uploads\/2026\/04\/64ACA504-90C7-4501-93C1-659FD33E9C6E-1536x864.jpg 1536w, https:\/\/tavoiteseppa.mnr.fi\/wp-content\/uploads\/2026\/04\/64ACA504-90C7-4501-93C1-659FD33E9C6E-2048x1152.jpg 2048w\" sizes=\"auto, (max-width: 1024px) 100vw, 1024px\" \/><span aria-hidden=\"true\" class=\"wp-block-cover__background has-background-dim-30 has-background-dim\" style=\"background-color:#7d695b\"><\/span><div class=\"wp-block-cover__inner-container is-layout-flow wp-block-cover-is-layout-flow\">\n<div class=\"wp-block-group is-content-justification-left is-layout-constrained wp-container-core-group-is-layout-0b562c1c wp-block-group-is-layout-constrained\">\n<h2 class=\"wp-block-heading has-text-align-left has-white-color has-text-color\" style=\"font-size:clamp(18.959px, 1.185rem + ((1vw - 3.2px) * 0.863), 30px);font-style:normal;font-weight:700;letter-spacing:0px;line-height:1;text-transform:uppercase\">tapahtumat<\/h2>\n<\/div>\n\n\n\n<p style=\"text-transform:uppercase\">Tarvitsetko avaimet k\u00e4teen pakettia? Saunat, ruokailut, personoidut visat ja erilaiset aktiviteetit samassa paketissa.<\/p>\n\n\n\n<div class=\"wp-block-buttons has-custom-font-size is-content-justification-left is-nowrap is-layout-flex wp-container-core-buttons-is-layout-92e17da2 wp-block-buttons-is-layout-flex\" style=\"font-size:clamp(25.984px, 1.624rem + ((1vw - 3.2px) * 1.408), 44px);font-style:normal;font-weight:700;letter-spacing:0px;line-height:1;text-transform:uppercase\">\n<div class=\"wp-block-button is-style-outline is-style-outline--3\"><a class=\"wp-block-button__link has-white-color has-luminous-vivid-orange-background-color has-text-color has-background has-custom-font-size wp-element-button\" style=\"border-top-left-radius:50px;border-top-right-radius:50px;border-bottom-left-radius:50px;border-bottom-right-radius:50px;padding-top:24px;padding-right:48px;padding-bottom:24px;padding-left:48px;font-size:clamp(14px, 0.875rem + ((1vw - 3.2px) * 0.156), 16px);font-style:normal;font-weight:600;letter-spacing:0px;text-transform:uppercase\">paketit<\/a><\/div>\n<\/div>\n<\/div><\/div>\n<\/div>\n\n\n\n<div class=\"wp-block-column is-layout-flow wp-block-column-is-layout-flow\"><\/div>\n<\/div>\n<\/div>\n","protected":false},"excerpt":{"rendered":"","protected":false},"author":1,"featured_media":0,"parent":0,"menu_order":0,"comment_status":"closed","ping_status":"closed","template":"","meta":{"footnotes":""},"class_list":["post-6","page","type-page","status-publish","hentry"],"blocksy_meta":{"has_hero_section":"default","background":{"background_type":"color","background_pattern":"type-1","background_image":{"attachment_id":null,"x":0,"y":0},"gradient":"linear-gradient(135deg,rgba(6,147,227,1) 0%,rgb(155,81,224) 100%)","background_repeat":"repeat","background_size":"auto","background_attachment":"scroll","patternColor":{"default":{"color":"#e5e7ea"}},"overlayColor":{"default":{"color":"CT_CSS_SKIP_RULE"}},"backgroundColor":{"default":{"color":"#ffffff"}}},"page_structure_type":"type-4","styles_descriptor":{"styles":{"desktop":"[data-prefix=\"single_page\"] {background-color:#ffffff;background-image:none;}","tablet":"","mobile":""},"google_fonts":[],"version":6}},"_links":{"self":[{"href":"https:\/\/tavoiteseppa.mnr.fi\/index.php\/wp-json\/wp\/v2\/pages\/6","targetHints":{"allow":["GET"]}}],"collection":[{"href":"https:\/\/tavoiteseppa.mnr.fi\/index.php\/wp-json\/wp\/v2\/pages"}],"about":[{"href":"https:\/\/tavoiteseppa.mnr.fi\/index.php\/wp-json\/wp\/v2\/types\/page"}],"author":[{"embeddable":true,"href":"https:\/\/tavoiteseppa.mnr.fi\/index.php\/wp-json\/wp\/v2\/users\/1"}],"replies":[{"embeddable":true,"href":"https:\/\/tavoiteseppa.mnr.fi\/index.php\/wp-json\/wp\/v2\/comments?post=6"}],"version-history":[{"count":6,"href":"https:\/\/tavoiteseppa.mnr.fi\/index.php\/wp-json\/wp\/v2\/pages\/6\/revisions"}],"predecessor-version":[{"id":20,"href":"https:\/\/tavoiteseppa.mnr.fi\/index.php\/wp-json\/wp\/v2\/pages\/6\/revisions\/20"}],"wp:attachment":[{"href":"https:\/\/tavoiteseppa.mnr.fi\/index.php\/wp-json\/wp\/v2\/media?parent=6"}],"curies":[{"name":"wp","href":"https:\/\/api.w.org\/{rel}","templated":true}]}}